{"id":279,"date":"2024-03-01T20:49:29","date_gmt":"2024-03-01T20:49:29","guid":{"rendered":"https:\/\/www.centrownanie-mz.pl\/?page_id=279"},"modified":"2024-03-01T20:51:20","modified_gmt":"2024-03-01T20:51:20","slug":"zadaj-pytanie","status":"publish","type":"page","link":"https:\/\/www.centrownanie-mz.pl\/?page_id=279","title":{"rendered":"Zadaj pytanie"},"content":{"rendered":"<style id=\"wpforms-css-vars-root\">\n\t\t\t\t:root {\n\t\t\t\t\t--wpforms-field-border-radius: 3px;\n--wpforms-field-border-style: solid;\n--wpforms-field-border-size: 1px;\n--wpforms-field-background-color: #ffffff;\n--wpforms-field-border-color: rgba( 0, 0, 0, 0.25 );\n--wpforms-field-border-color-spare: rgba( 0, 0, 0, 0.25 );\n--wpforms-field-text-color: rgba( 0, 0, 0, 0.7 );\n--wpforms-field-menu-color: #ffffff;\n--wpforms-label-color: rgba( 0, 0, 0, 0.85 );\n--wpforms-label-sublabel-color: rgba( 0, 0, 0, 0.55 );\n--wpforms-label-error-color: #d63637;\n--wpforms-button-border-radius: 3px;\n--wpforms-button-border-style: none;\n--wpforms-button-border-size: 1px;\n--wpforms-button-background-color: #066aab;\n--wpforms-button-border-color: #066aab;\n--wpforms-button-text-color: #ffffff;\n--wpforms-page-break-color: #066aab;\n--wpforms-background-image: none;\n--wpforms-background-position: center center;\n--wpforms-background-repeat: no-repeat;\n--wpforms-background-size: cover;\n--wpforms-background-width: 100px;\n--wpforms-background-height: 100px;\n--wpforms-background-color: rgba( 0, 0, 0, 0 );\n--wpforms-background-url: none;\n--wpforms-container-padding: 0px;\n--wpforms-container-border-style: none;\n--wpforms-container-border-width: 1px;\n--wpforms-container-border-color: #000000;\n--wpforms-container-border-radius: 3px;\n--wpforms-field-size-input-height: 43px;\n--wpforms-field-size-input-spacing: 15px;\n--wpforms-field-size-font-size: 16px;\n--wpforms-field-size-line-height: 19px;\n--wpforms-field-size-padding-h: 14px;\n--wpforms-field-size-checkbox-size: 16px;\n--wpforms-field-size-sublabel-spacing: 5px;\n--wpforms-field-size-icon-size: 1;\n--wpforms-label-size-font-size: 16px;\n--wpforms-label-size-line-height: 19px;\n--wpforms-label-size-sublabel-font-size: 14px;\n--wpforms-label-size-sublabel-line-height: 17px;\n--wpforms-button-size-font-size: 17px;\n--wpforms-button-size-height: 41px;\n--wpforms-button-size-padding-h: 15px;\n--wpforms-button-size-margin-top: 10px;\n--wpforms-container-shadow-size-box-shadow: none;\n\n\t\t\t\t}\n\t\t\t<\/style><style id=\"wpforms-css-vars-277-block-8025f36f-55a5-4ef0-97c8-6dc11a8041d6\">\n\t\t\t\t#wpforms-277.wpforms-block-8025f36f-55a5-4ef0-97c8-6dc11a8041d6 {\n\t\t\t\t\t--wpforms-button-border-radius: ;\n--wpforms-button-background-color: #e69b0f;\n--wpforms-button-size-font-size: 20px;\n--wpforms-button-size-height: 48px;\n--wpforms-button-size-padding-h: 20px;\n--wpforms-button-size-margin-top: 15px;\n\n\t\t\t\t}\n\t\t\t<\/style><div class=\"wpforms-container wpforms-container-full wpforms-block wpforms-block-8025f36f-55a5-4ef0-97c8-6dc11a8041d6 wpforms-render-modern\" id=\"wpforms-277\"><form id=\"wpforms-form-277\" class=\"wpforms-validate wpforms-form wpforms-ajax-form\" data-formid=\"277\" method=\"post\" enctype=\"multipart\/form-data\" action=\"\/index.php?rest_route=%2Fwp%2Fv2%2Fpages%2F279\" data-token=\"4e849604f9440010f1021842455c7b56\" data-token-time=\"1776603119\"><noscript class=\"wpforms-error-noscript\">Aby wype\u0142ni\u0107 ten formularz, w\u0142\u0105cz obs\u0142ug\u0119 JavaScript w przegl\u0105darce.<\/noscript><div class=\"wpforms-hidden\" id=\"wpforms-error-noscript\">Aby wype\u0142ni\u0107 ten formularz, w\u0142\u0105cz obs\u0142ug\u0119 JavaScript w przegl\u0105darce.<\/div><div class=\"wpforms-field-container\"><div id=\"wpforms-277-field_1-container\" class=\"wpforms-field wpforms-field-name\" data-field-id=\"1\"><fieldset><legend class=\"wpforms-field-label\">Imie i nazwisko <span class=\"wpforms-required-label\" aria-hidden=\"true\">*<\/span><\/legend><div class=\"wpforms-field-row wpforms-field-medium\"><div class=\"wpforms-field-row-block wpforms-first wpforms-one-half\"><input type=\"text\" id=\"wpforms-277-field_1\" class=\"wpforms-field-name-first wpforms-field-required\" name=\"wpforms[fields][1][first]\" aria-errormessage=\"wpforms-277-field_1-error\" required><label for=\"wpforms-277-field_1\" class=\"wpforms-field-sublabel after\">Imi\u0119<\/label><\/div><div class=\"wpforms-field-row-block wpforms-one-half\"><input type=\"text\" id=\"wpforms-277-field_1-last\" class=\"wpforms-field-name-last wpforms-field-required\" name=\"wpforms[fields][1][last]\" aria-errormessage=\"wpforms-277-field_1-last-error\" required><label for=\"wpforms-277-field_1-last\" class=\"wpforms-field-sublabel after\">Nazwisko<\/label><\/div><\/div><\/fieldset><\/div><div id=\"wpforms-277-field_11-container\" class=\"wpforms-field wpforms-field-number\" data-field-id=\"11\"><label class=\"wpforms-field-label\" for=\"wpforms-277-field_11\">Numer kontaktowy na kt\u00f3ry wy\u015blemy odpowied\u017a *<\/label><input type=\"number\" id=\"wpforms-277-field_11\" class=\"wpforms-field-medium\" name=\"wpforms[fields][11]\" aria-errormessage=\"wpforms-277-field_11-error\" ><\/div><div id=\"wpforms-277-field_13-container\" class=\"wpforms-field wpforms-field-text\" data-field-id=\"13\"><label class=\"wpforms-field-label\" for=\"wpforms-277-field_13\">Temat rozmowy ( model, rocznik itp.) <span class=\"wpforms-required-label\" aria-hidden=\"true\">*<\/span><\/label><input type=\"text\" id=\"wpforms-277-field_13\" class=\"wpforms-field-medium wpforms-field-required\" name=\"wpforms[fields][13]\" aria-errormessage=\"wpforms-277-field_13-error\" required><\/div><div id=\"wpforms-277-field_7-container\" class=\"wpforms-field wpforms-field-textarea\" data-field-id=\"7\"><label class=\"wpforms-field-label\" for=\"wpforms-277-field_7\">Tre\u015b\u0107 zapytania <span class=\"wpforms-required-label\" aria-hidden=\"true\">*<\/span><\/label><textarea id=\"wpforms-277-field_7\" class=\"wpforms-field-medium wpforms-field-required\" name=\"wpforms[fields][7]\" aria-errormessage=\"wpforms-277-field_7-error\" required><\/textarea><\/div><div id=\"wpforms-277-field_8-container\" class=\"wpforms-field wpforms-field-email\" data-field-id=\"8\"><label class=\"wpforms-field-label\" for=\"wpforms-277-field_8\">Email<\/label><input type=\"email\" id=\"wpforms-277-field_8\" class=\"wpforms-field-medium\" name=\"wpforms[fields][8]\" spellcheck=\"false\" aria-errormessage=\"wpforms-277-field_8-error\" ><\/div><div id=\"wpforms-277-field_4-container\" class=\"wpforms-field wpforms-field-radio\" data-field-id=\"4\"><fieldset><legend class=\"wpforms-field-label\">Jak si\u0119 o nas dowiedzia\u0142e\u015b ? <span class=\"wpforms-required-label\" aria-hidden=\"true\">*<\/span><\/legend><ul id=\"wpforms-277-field_4\" class=\"wpforms-field-required\"><li class=\"choice-1 depth-1\"><input type=\"radio\" id=\"wpforms-277-field_4_1\" name=\"wpforms[fields][4]\" value=\"Znajomy was poleci\u0142\" aria-errormessage=\"wpforms-277-field_4_1-error\" required ><label class=\"wpforms-field-label-inline\" for=\"wpforms-277-field_4_1\">Znajomy was poleci\u0142<\/label><\/li><li class=\"choice-2 depth-1\"><input type=\"radio\" id=\"wpforms-277-field_4_2\" name=\"wpforms[fields][4]\" value=\"Youtube\" aria-errormessage=\"wpforms-277-field_4_2-error\" required ><label class=\"wpforms-field-label-inline\" for=\"wpforms-277-field_4_2\">Youtube<\/label><\/li><li class=\"choice-3 depth-1\"><input type=\"radio\" id=\"wpforms-277-field_4_3\" name=\"wpforms[fields][4]\" value=\"Przypadkiem znalaz\u0142em wasz\u0105 strone.\" aria-errormessage=\"wpforms-277-field_4_3-error\" required ><label class=\"wpforms-field-label-inline\" for=\"wpforms-277-field_4_3\">Przypadkiem znalaz\u0142em wasz\u0105 strone.<\/label><\/li><li class=\"choice-4 depth-1\"><input type=\"radio\" id=\"wpforms-277-field_4_4\" name=\"wpforms[fields][4]\" value=\"inne\" aria-errormessage=\"wpforms-277-field_4_4-error\" required ><label class=\"wpforms-field-label-inline\" for=\"wpforms-277-field_4_4\">inne<\/label><\/li><\/ul><\/fieldset><\/div><div id=\"wpforms-277-field_14-container\" class=\"wpforms-field wpforms-field-radio\" data-field-id=\"14\"><fieldset><legend class=\"wpforms-field-label\">AKCEPTUJE przetwarzanie moich danych * <span class=\"wpforms-required-label\" aria-hidden=\"true\">*<\/span><\/legend><ul id=\"wpforms-277-field_14\" class=\"wpforms-field-required\"><li class=\"choice-1 depth-1\"><input type=\"radio\" id=\"wpforms-277-field_14_1\" name=\"wpforms[fields][14]\" value=\"Wyra\u017cam zgod\u0119 na przetwarzanie moich danych osobowych, podanych w powy\u017cszym formularzu, w celu udzielenia odpowiedzi na wys\u0142an\u0105 przeze mnie wiadomo\u015b\u0107. Podanie przez Pana\/Pani\u0105 danych jest dobrowolne, ale jest niezb\u0119dne je\u015bli chce Pan\/Pani uzyska\u0107 odpowied\u017a na wys\u0142an\u0105 przez siebie wiadomo\u015b\u0107.\" aria-errormessage=\"wpforms-277-field_14_1-error\" required ><label class=\"wpforms-field-label-inline\" for=\"wpforms-277-field_14_1\">Wyra\u017cam zgod\u0119 na przetwarzanie moich danych osobowych, podanych w powy\u017cszym formularzu, w celu udzielenia odpowiedzi na wys\u0142an\u0105 przeze mnie wiadomo\u015b\u0107. Podanie przez Pana\/Pani\u0105 danych jest dobrowolne, ale jest niezb\u0119dne je\u015bli chce Pan\/Pani uzyska\u0107 odpowied\u017a na wys\u0142an\u0105 przez siebie wiadomo\u015b\u0107.<\/label><\/li><\/ul><\/fieldset><\/div><\/div><!-- .wpforms-field-container --><div class=\"wpforms-submit-container\" ><input type=\"hidden\" name=\"wpforms[id]\" value=\"277\"><input type=\"hidden\" name=\"page_title\" value=\"\"><input type=\"hidden\" name=\"page_url\" value=\"https:\/\/www.centrownanie-mz.pl\/index.php?rest_route=%2Fwp%2Fv2%2Fpages%2F279\"><button type=\"submit\" name=\"wpforms[submit]\" id=\"wpforms-submit-277\" class=\"wpforms-submit\" data-alt-text=\"Twoja wiadomo\u015b\u0107 ju\u017c do nas leci ! Prosz\u0119 czeka\u0107 na telefon :)\" data-submit-text=\"Wy\u015blij wiadomo\u015b\u0107 \" aria-live=\"assertive\" value=\"wpforms-submit\">Wy\u015blij wiadomo\u015b\u0107 <\/button><img loading=\"lazy\" decoding=\"async\" src=\"https:\/\/www.centrownanie-mz.pl\/wp-content\/plugins\/wpforms-lite\/assets\/images\/submit-spin.svg\" class=\"wpforms-submit-spinner\" style=\"display: none;\" width=\"26\" height=\"26\" alt=\"Wczytywanie\"><\/div><\/form><\/div>  <!-- .wpforms-container -->","protected":false},"excerpt":{"rendered":"","protected":false},"author":1,"featured_media":0,"parent":0,"menu_order":0,"comment_status":"closed","ping_status":"closed","template":"","meta":{"neve_meta_sidebar":"","neve_meta_container":"","neve_meta_enable_content_width":"","neve_meta_content_width":0,"neve_meta_title_alignment":"","neve_meta_author_avatar":"","neve_post_elements_order":"","neve_meta_disable_header":"","neve_meta_disable_footer":"","neve_meta_disable_title":"","pgc_sgb_lightbox_settings":"","footnotes":""},"aioseo_notices":[],"_links":{"self":[{"href":"https:\/\/www.centrownanie-mz.pl\/index.php?rest_route=\/wp\/v2\/pages\/279"}],"collection":[{"href":"https:\/\/www.centrownanie-mz.pl\/index.php?rest_route=\/wp\/v2\/pages"}],"about":[{"href":"https:\/\/www.centrownanie-mz.pl\/index.php?rest_route=\/wp\/v2\/types\/page"}],"author":[{"embeddable":true,"href":"https:\/\/www.centrownanie-mz.pl\/index.php?rest_route=\/wp\/v2\/users\/1"}],"replies":[{"embeddable":true,"href":"https:\/\/www.centrownanie-mz.pl\/index.php?rest_route=%2Fwp%2Fv2%2Fcomments&post=279"}],"version-history":[{"count":1,"href":"https:\/\/www.centrownanie-mz.pl\/index.php?rest_route=\/wp\/v2\/pages\/279\/revisions"}],"predecessor-version":[{"id":280,"href":"https:\/\/www.centrownanie-mz.pl\/index.php?rest_route=\/wp\/v2\/pages\/279\/revisions\/280"}],"wp:attachment":[{"href":"https:\/\/www.centrownanie-mz.pl\/index.php?rest_route=%2Fwp%2Fv2%2Fmedia&parent=279"}],"curies":[{"name":"wp","href":"https:\/\/api.w.org\/{rel}","templated":true}]}}